{"id":1045,"date":"2023-02-14T09:32:42","date_gmt":"2023-02-14T07:32:42","guid":{"rendered":"https:\/\/benfurman.com\/WP2\/?page_id=1045"},"modified":"2023-10-05T15:01:57","modified_gmt":"2023-10-05T13:01:57","slug":"koulutustarjonta","status":"publish","type":"page","link":"https:\/\/benfurman.com\/WP2\/koulutustarjonta\/","title":{"rendered":"koulutustarjonta"},"content":{"rendered":"<p>[et_pb_section fb_built=&#8221;1&#8243; admin_label=&#8221;main block&#8221; _builder_version=&#8221;4.4.8&#8243; background_color=&#8221;rgba(0,0,0,0)&#8221; min_height=&#8221;136px&#8221; custom_margin=&#8221;0px||0px||false|false&#8221; custom_padding=&#8221;30px||14px|1px|false|false&#8221;][et_pb_row column_structure=&#8221;1_2,1_2&#8243; _builder_version=&#8221;4.4.8&#8243;][et_pb_column type=&#8221;1_2&#8243; _builder_version=&#8221;4.4.8&#8243;][et_pb_image src=&#8221;https:\/\/benfurman.com\/WP2\/wp-content\/uploads\/2020\/07\/budapest-2019-1-scaled.jpg&#8221; title_text=&#8221;budapest 2019&#8243; admin_label=&#8221;offlineImage&#8221; _builder_version=&#8221;4.4.8&#8243;][\/et_pb_image][\/et_pb_column][et_pb_column type=&#8221;1_2&#8243; _builder_version=&#8221;4.4.8&#8243;][et_pb_text admin_label=&#8221;offline Text&#8221; _builder_version=&#8221;4.4.8&#8243; text_font_size=&#8221;18px&#8221; custom_padding=&#8221;9px|||||&#8221; hover_enabled=&#8221;0&#8243;]<\/p>\n<h2><strong>Esimerkkej\u00e4 aiheista, joita opetan<\/strong><\/h2>\n<ul>\n<li>Ty\u00f6hyvinvointi ja ty\u00f6nilo<\/li>\n<li>Ratkaisukeskeinen yrityskulttuuri<\/li>\n<li>Ty\u00f6paikan ihmissuhteet ja rakentava vuorovaikutus<\/li>\n<li>Tiimity\u00f6taidot<\/li>\n<li>Ratkaisukeskeinen lyhytterapia<\/li>\n<li>K\u00e4ynti kerrallaan terapia (Single Session Therapy)<\/li>\n<li>Mielenterveyspalvelujen saatavuuden kehitt\u00e4minen<\/li>\n<li>Lyhytterapeuttiset menetelm\u00e4t lasten ja nuorten auttamisessa<\/li>\n<li>Koulujen ratkaisukeskeinen kehitt\u00e4minen, luokkaty\u00f6, oppilashuolto<\/li>\n<li>J\u00e4rkytyksist\u00e4 ja traumaattisista kokemuksista toipumisen tukeminen lyhytterapian keinoin<\/li>\n<li>Ratkaisukeskeinen ja taitol\u00e4ht\u00f6inen vanhemmuus ja lastenkasvatus<\/li>\n<li>Ratkaisukeskeisyyden soveltaminen psykiatriassa ja p\u00e4ihdehuollossa<\/li>\n<\/ul>\n<p>[\/et_pb_text][\/et_pb_column][\/et_pb_row][et_pb_row column_structure=&#8221;1_2,1_2&#8243; _builder_version=&#8221;4.4.8&#8243; link_option_url=&#8221;courses.benfurman.com&#8221;][et_pb_column type=&#8221;1_2&#8243; _builder_version=&#8221;4.4.8&#8243;][et_pb_image src=&#8221;https:\/\/benfurman.com\/WP2\/wp-content\/uploads\/2020\/07\/study-online.png&#8221; title_text=&#8221;study online&#8221; admin_label=&#8221;onine Image&#8221; _builder_version=&#8221;4.4.8&#8243;][\/et_pb_image][\/et_pb_column][et_pb_column type=&#8221;1_2&#8243; _builder_version=&#8221;4.4.8&#8243;][et_pb_text admin_label=&#8221;online Text&#8221; _builder_version=&#8221;4.4.8&#8243; text_font_size=&#8221;18px&#8221; custom_padding=&#8221;4px|||||&#8221;]<\/p>\n<h2><strong>Opiskele verkossa<\/strong><\/h2>\n<p>Olen laatinut verkkoon useita online-kursseja, joiden avulla voit perehty\u00e4 sinua kiinnostaviin aiheisiin. Kirjaudu e-learning alustalleni, josta l\u00f6yd\u00e4t kaikki laatimani kurssit<span style=\"font-size: 18px;\">.\u00a0<\/span><\/p>\n<p>[\/et_pb_text][et_pb_button button_url=&#8221;http:\/\/courses.benfurman.com&#8221; button_text=&#8221;T\u00e4st\u00e4 p\u00e4\u00e4set kurssialustalleni&#8221; _builder_version=&#8221;4.4.8&#8243;][\/et_pb_button][\/et_pb_column][\/et_pb_row][\/et_pb_section]<\/p>\n","protected":false},"excerpt":{"rendered":"<p>[et_pb_section fb_built=&#8221;1&#8243; admin_label=&#8221;main block&#8221; _builder_version=&#8221;4.4.8&#8243; background_color=&#8221;rgba(0,0,0,0)&#8221; min_height=&#8221;136px&#8221; custom_margin=&#8221;0px||0px||false|false&#8221; custom_padding=&#8221;30px||14px|1px|false|false&#8221;][et_pb_row column_structure=&#8221;1_2,1_2&#8243; _builder_version=&#8221;4.4.8&#8243;][et_pb_column type=&#8221;1_2&#8243; _builder_version=&#8221;4.4.8&#8243;][et_pb_image src=&#8221;https:\/\/benfurman.com\/WP2\/wp-content\/uploads\/2020\/07\/budapest-2019-1-scaled.jpg&#8221; title_text=&#8221;budapest 2019&#8243; admin_label=&#8221;offlineImage&#8221; _builder_version=&#8221;4.4.8&#8243;][\/et_pb_image][\/et_pb_column][et_pb_column type=&#8221;1_2&#8243; _builder_version=&#8221;4.4.8&#8243;][et_pb_text admin_label=&#8221;offline Text&#8221; _builder_version=&#8221;4.4.8&#8243; text_font_size=&#8221;18px&#8221; custom_padding=&#8221;9px|||||&#8221; hover_enabled=&#8221;0&#8243;] Esimerkkej\u00e4 aiheista, joita opetan Ty\u00f6hyvinvointi ja ty\u00f6nilo Ratkaisukeskeinen yrityskulttuuri Ty\u00f6paikan ihmissuhteet ja rakentava vuorovaikutus Tiimity\u00f6taidot Ratkaisukeskeinen lyhytterapia K\u00e4ynti kerrallaan terapia (Single Session Therapy) Mielenterveyspalvelujen saatavuuden kehitt\u00e4minen Lyhytterapeuttiset menetelm\u00e4t lasten [&hellip;]<\/p>\n","protected":false},"author":1,"featured_media":0,"parent":0,"menu_order":0,"comment_status":"closed","ping_status":"closed","template":"","meta":{"_et_pb_use_builder":"on","_et_pb_old_content":"<!-- wp:paragraph -->\n<p>tarjontaa<\/p>\n<!-- \/wp:paragraph -->","_et_gb_content_width":"","footnotes":""},"_links":{"self":[{"href":"https:\/\/benfurman.com\/WP2\/wp-json\/wp\/v2\/pages\/1045"}],"collection":[{"href":"https:\/\/benfurman.com\/WP2\/wp-json\/wp\/v2\/pages"}],"about":[{"href":"https:\/\/benfurman.com\/WP2\/wp-json\/wp\/v2\/types\/page"}],"author":[{"embeddable":true,"href":"https:\/\/benfurman.com\/WP2\/wp-json\/wp\/v2\/users\/1"}],"replies":[{"embeddable":true,"href":"https:\/\/benfurman.com\/WP2\/wp-json\/wp\/v2\/comments?post=1045"}],"version-history":[{"count":8,"href":"https:\/\/benfurman.com\/WP2\/wp-json\/wp\/v2\/pages\/1045\/revisions"}],"predecessor-version":[{"id":1099,"href":"https:\/\/benfurman.com\/WP2\/wp-json\/wp\/v2\/pages\/1045\/revisions\/1099"}],"wp:attachment":[{"href":"https:\/\/benfurman.com\/WP2\/wp-json\/wp\/v2\/media?parent=1045"}],"curies":[{"name":"wp","href":"https:\/\/api.w.org\/{rel}","templated":true}]}}