{"id":1002,"date":"2023-02-13T19:35:54","date_gmt":"2023-02-13T17:35:54","guid":{"rendered":"https:\/\/benfurman.com\/WP2\/?page_id=1002"},"modified":"2023-02-14T13:43:09","modified_gmt":"2023-02-14T11:43:09","slug":"suomeksi","status":"publish","type":"page","link":"https:\/\/benfurman.com\/WP2\/suomeksi\/","title":{"rendered":"Suomeksi"},"content":{"rendered":"<p>[et_pb_section fb_built=&#8221;1&#8243; fullwidth=&#8221;on&#8221; admin_label=&#8221;header section&#8221; _builder_version=&#8221;4.4.8&#8243; min_height=&#8221;471px&#8221;][et_pb_fullwidth_header button_one_url=&#8221;@ET-DC@eyJkeW5hbWljIjp0cnVlLCJjb250ZW50IjoicG9zdF9saW5rX3VybF9wYWdlIiwic2V0dGluZ3MiOnsicG9zdF9pZCI6IjQxMSJ9fQ==@&#8221; content_tablet=&#8221;<\/p>\n<h2><strong>Welcome!<\/strong><\/h2>\n<p>&#8221; content_phone=&#8221;<\/p>\n<h2><strong>Welcome<\/strong><\/h2>\n<p>&#8221; content_last_edited=&#8221;on|desktop&#8221; admin_label=&#8221;Fullwidth Header&#8221; _builder_version=&#8221;4.4.8&#8243; _dynamic_attributes=&#8221;button_one_url&#8221; title_level=&#8221;h2&#8243; title_font=&#8221;|800|||||||&#8221; background_color=&#8221;#0C71C3&#8243; background_image=&#8221;https:\/\/benfurman.com\/WP2\/wp-content\/uploads\/2020\/07\/C.Adolfsson_TV_narrow.jpg.png&#8221; height=&#8221;479px&#8221; custom_padding=&#8221;|0px||||&#8221;][\/et_pb_fullwidth_header][\/et_pb_section][et_pb_section fb_built=&#8221;1&#8243; _builder_version=&#8221;4.4.8&#8243; custom_padding=&#8221;||54px|||&#8221;][et_pb_row column_structure=&#8221;1_4,1_4,1_4,1_4&#8243; _builder_version=&#8221;4.4.8&#8243; min_height=&#8221;32px&#8221; custom_margin=&#8221;||||false|false&#8221;][et_pb_column type=&#8221;1_4&#8243; admin_label=&#8221;books&#8221; _builder_version=&#8221;4.4.8&#8243; _dynamic_attributes=&#8221;link_option_url&#8221; background_color=&#8221;rgba(0,0,0,0)&#8221; custom_padding=&#8221;|||4px|false|false&#8221; link_option_url=&#8221;@ET-DC@eyJkeW5hbWljIjp0cnVlLCJjb250ZW50IjoicG9zdF9saW5rX3VybF9wYWdlIiwic2V0dGluZ3MiOnsicG9zdF9pZCI6IjM1MyJ9fQ==@&#8221;][et_pb_blurb title=&#8221;Videot&#8221; url=&#8221;https:\/\/www.youtube.com\/c\/BenFurmanTV\/playlists?view=1&#038;sort=dd&#038;shelf_id=0&#8243; url_new_window=&#8221;on&#8221; image=&#8221;https:\/\/benfurman.com\/WP2\/wp-content\/uploads\/2020\/07\/youtube-logo-blue.png&#8221; _builder_version=&#8221;4.4.8&#8243; _dynamic_attributes=&#8221;link_option_url&#8221; header_level=&#8221;h2&#8243; header_font=&#8221;|700|||||||&#8221; header_text_align=&#8221;center&#8221; header_font_size=&#8221;24px&#8221; body_font_size=&#8221;16px&#8221; body_line_height=&#8221;1.6em&#8221; min_height=&#8221;320px&#8221; custom_padding=&#8221;||6px||false|false&#8221; link_option_url=&#8221;@ET-DC@eyJkeW5hbWljIjp0cnVlLCJjb250ZW50IjoicG9zdF9saW5rX3VybF9wYWdlIiwic2V0dGluZ3MiOnsicG9zdF9pZCI6IjMyMiJ9fQ==@&#8221; body_font_tablet=&#8221;&#8221; body_font_phone=&#8221;&#8221; body_font_last_edited=&#8221;on|phone&#8221; border_color_all=&#8221;#000000&#8243;]<\/p>\n<p style=\"text-align: center;\">Siirry YouTube kanavani soittolistat-sivulle<\/p>\n<p>[\/et_pb_blurb][\/et_pb_column][et_pb_column type=&#8221;1_4&#8243; admin_label=&#8221;books&#8221; _builder_version=&#8221;4.4.8&#8243;][et_pb_blurb title=&#8221;Kirjat&#8221; image=&#8221;https:\/\/benfurman.com\/WP2\/wp-content\/uploads\/2020\/07\/books.png&#8221; _builder_version=&#8221;4.4.8&#8243; _dynamic_attributes=&#8221;link_option_url&#8221; header_level=&#8221;h2&#8243; header_font=&#8221;|700|||||||&#8221; header_text_align=&#8221;center&#8221; header_font_size=&#8221;24px&#8221; body_text_align=&#8221;center&#8221; body_font_size=&#8221;16px&#8221; body_line_height=&#8221;1.6em&#8221; text_orientation=&#8221;center&#8221; min_height=&#8221;320px&#8221; custom_padding=&#8221;|||0px|false|false&#8221; link_option_url=&#8221;@ET-DC@eyJkeW5hbWljIjp0cnVlLCJjb250ZW50IjoicG9zdF9saW5rX3VybF9wYWdlIiwic2V0dGluZ3MiOnsicG9zdF9pZCI6IjM1MyJ9fQ==@&#8221; hover_enabled=&#8221;0&#8243; body_font_tablet=&#8221;&#8221; body_font_phone=&#8221;&#8221; body_font_last_edited=&#8221;on|desktop&#8221; border_color_all=&#8221;#000000&#8243;]<\/p>\n<p style=\"text-align: center;\">T\u00e4ll\u00e4 sivulla n\u00e4et kaikki kirjoittamani kirjat<\/p>\n<p>[\/et_pb_blurb][\/et_pb_column][et_pb_column type=&#8221;1_4&#8243; admin_label=&#8221;books&#8221; _builder_version=&#8221;4.4.8&#8243;][et_pb_blurb title=&#8221;Verkkokurssit&#8221; url=&#8221;https:\/\/courses.benfurman.com&#8221; image=&#8221;https:\/\/benfurman.com\/WP2\/wp-content\/uploads\/2020\/07\/online-courses.jpg.png&#8221; _builder_version=&#8221;4.4.8&#8243; _dynamic_attributes=&#8221;link_option_url&#8221; header_level=&#8221;h2&#8243; header_font=&#8221;|700|||||||&#8221; header_text_align=&#8221;center&#8221; header_font_size=&#8221;24px&#8221; body_text_align=&#8221;center&#8221; body_font_size=&#8221;16px&#8221; body_line_height=&#8221;1.6em&#8221; text_orientation=&#8221;center&#8221; min_height=&#8221;320px&#8221; custom_padding=&#8221;|||0px|false|false&#8221; link_option_url=&#8221;@ET-DC@eyJkeW5hbWljIjp0cnVlLCJjb250ZW50IjoicG9zdF9saW5rX3VybF9wYWdlIiwic2V0dGluZ3MiOnsicG9zdF9pZCI6IjMxMiJ9fQ==@&#8221; border_color_all=&#8221;#000000&#8243;]<\/p>\n<p style=\"text-align: center;\">L\u00f6yd\u00e4 sinua kiinnostavia verkkokursseja<\/p>\n<p>[\/et_pb_blurb][\/et_pb_column][et_pb_column type=&#8221;1_4&#8243; admin_label=&#8221;books&#8221; _builder_version=&#8221;4.4.8&#8243;][et_pb_blurb title=&#8221;Self-Helper&#8221; url=&#8221;https:\/\/www.benfurman.com\/selfhelper&#8221; url_new_window=&#8221;on&#8221; image=&#8221;https:\/\/benfurman.com\/WP2\/wp-content\/uploads\/2022\/09\/appinhand-small.jpg&#8221; _builder_version=&#8221;4.4.8&#8243; header_level=&#8221;h2&#8243; header_font=&#8221;|700|||||||&#8221; header_text_align=&#8221;center&#8221; header_font_size=&#8221;24px&#8221; body_text_align=&#8221;center&#8221; body_font_size=&#8221;16px&#8221; body_line_height=&#8221;1.6em&#8221; text_orientation=&#8221;center&#8221; min_height=&#8221;320px&#8221; custom_padding=&#8221;|||0px|false|false&#8221; border_color_all=&#8221;#000000&#8243;]<\/p>\n<p style=\"text-align: center;\">Kokoelma ilmaisia itseapuohjelmia<\/p>\n<p>[\/et_pb_blurb][\/et_pb_column][\/et_pb_row][et_pb_row column_structure=&#8221;1_4,1_4,1_4,1_4&#8243; _builder_version=&#8221;4.4.8&#8243;][et_pb_column type=&#8221;1_4&#8243; _builder_version=&#8221;4.4.8&#8243;][et_pb_blurb title=&#8221;Opetusty\u00f6&#8221; url=&#8221;@ET-DC@eyJkeW5hbWljIjp0cnVlLCJjb250ZW50IjoicG9zdF9saW5rX3VybF9wYWdlIiwic2V0dGluZ3MiOnsicG9zdF9pZCI6IjEwNDUifX0=@&#8221; image=&#8221;https:\/\/benfurman.com\/WP2\/wp-content\/uploads\/2020\/07\/teaching-in-tillburg760x420.png&#8221; _builder_version=&#8221;4.4.8&#8243; _dynamic_attributes=&#8221;url,link_option_url&#8221; header_level=&#8221;h2&#8243; header_font=&#8221;|700|||||||&#8221; header_text_align=&#8221;center&#8221; header_font_size=&#8221;24px&#8221; body_font_size=&#8221;16px&#8221; body_line_height=&#8221;1.6em&#8221; text_orientation=&#8221;center&#8221; min_height=&#8221;320px&#8221; custom_padding=&#8221;||6px||false|false&#8221; link_option_url=&#8221;@ET-DC@eyJkeW5hbWljIjp0cnVlLCJjb250ZW50IjoicG9zdF9saW5rX3VybF9wYWdlIiwic2V0dGluZ3MiOnsicG9zdF9pZCI6IjEwNDUifX0=@&#8221; body_font_tablet=&#8221;&#8221; body_font_phone=&#8221;&#8221; body_font_last_edited=&#8221;on|phone&#8221; body_font_size_tablet=&#8221;16px&#8221; body_font_size_phone=&#8221;16px&#8221; body_font_size_last_edited=&#8221;on|tablet&#8221; body_letter_spacing_tablet=&#8221;&#8221; body_letter_spacing_phone=&#8221;&#8221; body_letter_spacing_last_edited=&#8221;on|desktop&#8221; border_color_all=&#8221;#000000&#8243;]<\/p>\n<p>Lista aiheista<br \/> joista pid\u00e4n esitelmi\u00e4<br \/>ja joita koulutan<\/p>\n<p>[\/et_pb_blurb][\/et_pb_column][et_pb_column type=&#8221;1_4&#8243; _builder_version=&#8221;4.4.8&#8243;][et_pb_blurb title=&#8221;Luettavaa&#8221; url=&#8221;https:\/\/courses.benfurman.com&#8221; image=&#8221;https:\/\/benfurman.com\/WP2\/wp-content\/uploads\/2020\/07\/free-stuff-760&#215;420-2.png&#8221; _builder_version=&#8221;4.4.8&#8243; _dynamic_attributes=&#8221;link_option_url&#8221; header_level=&#8221;h2&#8243; header_font=&#8221;|700|||||||&#8221; header_text_align=&#8221;center&#8221; header_font_size=&#8221;24px&#8221; body_text_align=&#8221;center&#8221; body_font_size=&#8221;16px&#8221; body_line_height=&#8221;1.6em&#8221; text_orientation=&#8221;center&#8221; min_height=&#8221;320px&#8221; custom_padding=&#8221;|||0px|false|false&#8221; link_option_url=&#8221;@ET-DC@eyJkeW5hbWljIjp0cnVlLCJjb250ZW50IjoicG9zdF9saW5rX3VybF9wYWdlIiwic2V0dGluZ3MiOnsicG9zdF9pZCI6IjMxMiJ9fQ==@&#8221; border_color_all=&#8221;#000000&#8243;]<\/p>\n<p style=\"text-align: center;\">Lataa kiinnostavia artikkeleita ja esityksi\u00e4 ilmaiseksi<\/p>\n<p>[\/et_pb_blurb][\/et_pb_column][et_pb_column type=&#8221;1_4&#8243; _builder_version=&#8221;4.4.8&#8243;][et_pb_blurb title=&#8221;Tietoa minusta&#8221; url=&#8221;@ET-DC@eyJkeW5hbWljIjp0cnVlLCJjb250ZW50IjoicG9zdF9saW5rX3VybF9wYWdlIiwic2V0dGluZ3MiOnsicG9zdF9pZCI6IjEwMTQifX0=@&#8221; image=&#8221;https:\/\/benfurman.com\/WP2\/wp-content\/uploads\/2022\/09\/my-story2.jpg&#8221; admin_label=&#8221;cv&#8221; _builder_version=&#8221;4.4.8&#8243; _dynamic_attributes=&#8221;link_option_url,url&#8221; header_level=&#8221;h2&#8243; header_font=&#8221;|700|||||||&#8221; header_text_align=&#8221;center&#8221; header_font_size=&#8221;24px&#8221; body_text_align=&#8221;center&#8221; body_font_size=&#8221;16px&#8221; body_line_height=&#8221;1.6em&#8221; text_orientation=&#8221;center&#8221; min_height=&#8221;320px&#8221; custom_padding=&#8221;|||0px|false|false&#8221; link_option_url=&#8221;@ET-DC@eyJkeW5hbWljIjp0cnVlLCJjb250ZW50IjoicG9zdF9saW5rX3VybF9wYWdlIiwic2V0dGluZ3MiOnsicG9zdF9pZCI6IjEwMTQifX0=@&#8221; border_color_all=&#8221;#000000&#8243;]<\/p>\n<p style=\"text-align: center;\">Lyhyt CV\u00a0<\/p>\n<p>[\/et_pb_blurb][\/et_pb_column][et_pb_column type=&#8221;1_4&#8243; _builder_version=&#8221;4.4.8&#8243;][et_pb_blurb title=&#8221;Ota yhteytt\u00e4&#8221; image=&#8221;https:\/\/benfurman.com\/WP2\/wp-content\/uploads\/2020\/07\/send-mail.png&#8221; _builder_version=&#8221;4.4.8&#8243; _dynamic_attributes=&#8221;link_option_url&#8221; header_level=&#8221;h2&#8243; header_font=&#8221;|700|||||||&#8221; header_text_align=&#8221;center&#8221; header_font_size=&#8221;24px&#8221; body_text_align=&#8221;center&#8221; body_font_size=&#8221;16px&#8221; body_line_height=&#8221;1.6em&#8221; text_orientation=&#8221;center&#8221; min_height=&#8221;320px&#8221; custom_padding=&#8221;|||0px|false|false&#8221; link_option_url=&#8221;@ET-DC@eyJkeW5hbWljIjp0cnVlLCJjb250ZW50IjoicG9zdF9saW5rX3VybF9wYWdlIiwic2V0dGluZ3MiOnsicG9zdF9pZCI6IjEwMzIifX0=@&#8221; border_color_all=&#8221;#000000&#8243;]<\/p>\n<p style=\"text-align: center;\">L\u00e4het\u00e4 viesti.<br \/> Luen viestit p\u00e4ivitt\u00e4in.<\/p>\n<p>[\/et_pb_blurb][\/et_pb_column][\/et_pb_row][\/et_pb_section]<\/p>\n","protected":false},"excerpt":{"rendered":"<p>[et_pb_section fb_built=&#8221;1&#8243; fullwidth=&#8221;on&#8221; admin_label=&#8221;header section&#8221; _builder_version=&#8221;4.4.8&#8243; min_height=&#8221;471px&#8221;][et_pb_fullwidth_header button_one_url=&#8221;@ET-DC@eyJkeW5hbWljIjp0cnVlLCJjb250ZW50IjoicG9zdF9saW5rX3VybF9wYWdlIiwic2V0dGluZ3MiOnsicG9zdF9pZCI6IjQxMSJ9fQ==@&#8221; content_tablet=&#8221; Welcome! &#8221; content_phone=&#8221; Welcome &#8221; content_last_edited=&#8221;on|desktop&#8221; admin_label=&#8221;Fullwidth Header&#8221; _builder_version=&#8221;4.4.8&#8243; _dynamic_attributes=&#8221;button_one_url&#8221; title_level=&#8221;h2&#8243; title_font=&#8221;|800|||||||&#8221; background_color=&#8221;#0C71C3&#8243; background_image=&#8221;https:\/\/benfurman.com\/WP2\/wp-content\/uploads\/2020\/07\/C.Adolfsson_TV_narrow.jpg.png&#8221; height=&#8221;479px&#8221; custom_padding=&#8221;|0px||||&#8221;][\/et_pb_fullwidth_header][\/et_pb_section][et_pb_section fb_built=&#8221;1&#8243; _builder_version=&#8221;4.4.8&#8243; custom_padding=&#8221;||54px|||&#8221;][et_pb_row column_structure=&#8221;1_4,1_4,1_4,1_4&#8243; _builder_version=&#8221;4.4.8&#8243; min_height=&#8221;32px&#8221; custom_margin=&#8221;||||false|false&#8221;][et_pb_column type=&#8221;1_4&#8243; admin_label=&#8221;books&#8221; _builder_version=&#8221;4.4.8&#8243; _dynamic_attributes=&#8221;link_option_url&#8221; background_color=&#8221;rgba(0,0,0,0)&#8221; custom_padding=&#8221;|||4px|false|false&#8221; link_option_url=&#8221;@ET-DC@eyJkeW5hbWljIjp0cnVlLCJjb250ZW50IjoicG9zdF9saW5rX3VybF9wYWdlIiwic2V0dGluZ3MiOnsicG9zdF9pZCI6IjM1MyJ9fQ==@&#8221;][et_pb_blurb title=&#8221;Videot&#8221; url=&#8221;https:\/\/www.youtube.com\/c\/BenFurmanTV\/playlists?view=1&#038;sort=dd&#038;shelf_id=0&#8243; url_new_window=&#8221;on&#8221; image=&#8221;https:\/\/benfurman.com\/WP2\/wp-content\/uploads\/2020\/07\/youtube-logo-blue.png&#8221; _builder_version=&#8221;4.4.8&#8243; _dynamic_attributes=&#8221;link_option_url&#8221; header_level=&#8221;h2&#8243; header_font=&#8221;|700|||||||&#8221; header_text_align=&#8221;center&#8221; header_font_size=&#8221;24px&#8221; body_font_size=&#8221;16px&#8221; body_line_height=&#8221;1.6em&#8221; min_height=&#8221;320px&#8221; custom_padding=&#8221;||6px||false|false&#8221; link_option_url=&#8221;@ET-DC@eyJkeW5hbWljIjp0cnVlLCJjb250ZW50IjoicG9zdF9saW5rX3VybF9wYWdlIiwic2V0dGluZ3MiOnsicG9zdF9pZCI6IjMyMiJ9fQ==@&#8221; body_font_tablet=&#8221;&#8221; [&hellip;]<\/p>\n","protected":false},"author":1,"featured_media":0,"parent":0,"menu_order":0,"comment_status":"closed","ping_status":"closed","template":"","meta":{"_et_pb_use_builder":"on","_et_pb_old_content":"","_et_gb_content_width":"","footnotes":""},"_links":{"self":[{"href":"https:\/\/benfurman.com\/WP2\/wp-json\/wp\/v2\/pages\/1002"}],"collection":[{"href":"https:\/\/benfurman.com\/WP2\/wp-json\/wp\/v2\/pages"}],"about":[{"href":"https:\/\/benfurman.com\/WP2\/wp-json\/wp\/v2\/types\/page"}],"author":[{"embeddable":true,"href":"https:\/\/benfurman.com\/WP2\/wp-json\/wp\/v2\/users\/1"}],"replies":[{"embeddable":true,"href":"https:\/\/benfurman.com\/WP2\/wp-json\/wp\/v2\/comments?post=1002"}],"version-history":[{"count":19,"href":"https:\/\/benfurman.com\/WP2\/wp-json\/wp\/v2\/pages\/1002\/revisions"}],"predecessor-version":[{"id":1069,"href":"https:\/\/benfurman.com\/WP2\/wp-json\/wp\/v2\/pages\/1002\/revisions\/1069"}],"wp:attachment":[{"href":"https:\/\/benfurman.com\/WP2\/wp-json\/wp\/v2\/media?parent=1002"}],"curies":[{"name":"wp","href":"https:\/\/api.w.org\/{rel}","templated":true}]}}